{"id":2,"date":"2021-04-01T19:47:43","date_gmt":"2021-04-01T22:47:43","guid":{"rendered":"http:\/\/renan.inf.br\/site\/?page_id=2"},"modified":"2021-04-01T21:21:20","modified_gmt":"2021-04-02T00:21:20","slug":"projetos","status":"publish","type":"page","link":"https:\/\/renan.inf.br\/site\/index.php\/projetos\/","title":{"rendered":"Projetos"},"content":{"rendered":"\n<p>Lista dos projetos pessoais desenvolvidos por mim.<\/p>\n\n\n\n<blockquote class=\"wp-block-quote is-layout-flow wp-block-quote-is-layout-flow\"><p><strong>The Oldest Poker<\/strong><\/p><cite>Site para controle de torneios de poker. Conta com cadastro de etapas, jogadores e gerenciamento do ranking anual do torneio. O site conta com interface publica e \u00e1rea restrita para administra\u00e7\u00e3o do torneio. Permite envio de solita\u00e7\u00e3o de confirma\u00e7\u00e3o da participa\u00e7\u00e3o nas etapas para todos os jogadores com cadastro ativo.<br><br>Acesse em <a href=\"http:\/\/www.oldestpoker.com\/\" target=\"_blank\" rel=\"noreferrer noopener\" title=\"The Oldest Poker\">http:\/\/www.oldestpoker.com<\/a><\/cite><\/blockquote>\n\n\n\n<blockquote class=\"wp-block-quote is-layout-flow wp-block-quote-is-layout-flow\"><p><strong>Bol\u00e3o Social<\/strong><\/p><cite>Aplicativo para gerenciamento de bol\u00f5es entre amigos. Feito em AngularJS e Firebase, o sistema permite o gerenciamento de palpites por parte dos participantes, bem como rankink de classifica\u00e7\u00e3o atualizado a cada rodada.<br>&nbsp;<br>Acesse em&nbsp;<a href=\"http:\/\/bolaosocial.com.br\/\" target=\"_blank\" rel=\"noreferrer noopener\" title=\"Bol\u00e3o Social\">http:\/\/bolaosocial.com.br\/<\/a><\/cite><\/blockquote>\n\n\n\n<p><\/p>\n","protected":false},"excerpt":{"rendered":"<p>Lista dos projetos pessoais desenvolvidos por mim. The Oldest Poker Site para controle de torneios de poker. Conta com cadastro de etapas, jogadores e gerenciamento do ranking anual do torneio. O site conta com interface publica e \u00e1rea restrita para administra\u00e7\u00e3o do torneio. Permite envio de solita\u00e7\u00e3o de confirma\u00e7\u00e3o da participa\u00e7\u00e3o nas etapas para todos &hellip; <\/p>\n","protected":false},"author":1,"featured_media":69,"parent":0,"menu_order":0,"comment_status":"closed","ping_status":"closed","template":"","meta":{"om_disable_all_campaigns":false,"_monsterinsights_skip_tracking":false,"_monsterinsights_sitenote_active":false,"_monsterinsights_sitenote_note":"","_monsterinsights_sitenote_category":0,"footnotes":""},"class_list":["post-2","page","type-page","status-publish","has-post-thumbnail","hentry"],"aioseo_notices":[],"jetpack_sharing_enabled":true,"_links":{"self":[{"href":"https:\/\/renan.inf.br\/site\/index.php\/wp-json\/wp\/v2\/pages\/2","targetHints":{"allow":["GET"]}}],"collection":[{"href":"https:\/\/renan.inf.br\/site\/index.php\/wp-json\/wp\/v2\/pages"}],"about":[{"href":"https:\/\/renan.inf.br\/site\/index.php\/wp-json\/wp\/v2\/types\/page"}],"author":[{"embeddable":true,"href":"https:\/\/renan.inf.br\/site\/index.php\/wp-json\/wp\/v2\/users\/1"}],"replies":[{"embeddable":true,"href":"https:\/\/renan.inf.br\/site\/index.php\/wp-json\/wp\/v2\/comments?post=2"}],"version-history":[{"count":4,"href":"https:\/\/renan.inf.br\/site\/index.php\/wp-json\/wp\/v2\/pages\/2\/revisions"}],"predecessor-version":[{"id":64,"href":"https:\/\/renan.inf.br\/site\/index.php\/wp-json\/wp\/v2\/pages\/2\/revisions\/64"}],"wp:featuredmedia":[{"embeddable":true,"href":"https:\/\/renan.inf.br\/site\/index.php\/wp-json\/wp\/v2\/media\/69"}],"wp:attachment":[{"href":"https:\/\/renan.inf.br\/site\/index.php\/wp-json\/wp\/v2\/media?parent=2"}],"curies":[{"name":"wp","href":"https:\/\/api.w.org\/{rel}","templated":true}]}}